{"id":647,"date":"2021-03-29T02:13:52","date_gmt":"2021-03-29T02:13:52","guid":{"rendered":"http:\/\/localhost\/nuss\/?page_id=647"},"modified":"2025-12-04T15:23:54","modified_gmt":"2025-12-04T15:23:54","slug":"servizi","status":"publish","type":"page","link":"https:\/\/chimelongcircushotel.com\/it\/servizi\/","title":{"rendered":"Servizi"},"content":{"rendered":"<div data-elementor-type=\"wp-page\" data-elementor-id=\"647\" class=\"elementor elementor-647\">\n\t\t\t\t\t\t<section class=\"elementor-section elementor-top-section elementor-element elementor-element-3353bc8 elementor-section-boxed elementor-section-gap-beside-yes elementor-section-height-default elementor-section-height-default elementor-section-column-vertical-align-stretch\" data-id=\"3353bc8\" data-element_type=\"section\" data-e-type=\"section\">\n\t\t\t\t\t\t<div class=\"elementor-container elementor-column-gap-extended\">\n\t\t\t\t\t<div class=\"elementor-column elementor-col-100 elementor-top-column elementor-element elementor-element-0a2bc64\" data-id=\"0a2bc64\" data-element_type=\"column\" data-e-type=\"column\">\n\t\t\t<div class=\"elementor-widget-wrap elementor-element-populated\">\n\t\t\t\t\t\t<div class=\"elementor-element elementor-element-447e3ef elementor-widget__width-initial elementor-invisible elementor-widget elementor-widget-text-editor\" data-id=\"447e3ef\" data-element_type=\"widget\" data-e-type=\"widget\" data-settings=\"{&quot;_animation&quot;:&quot;nussFadeInUp&quot;}\" data-widget_type=\"text-editor.default\">\n\t\t\t\t<div class=\"elementor-widget-container\">\n\t\t\t\t\t\t\t\t\t<p><strong>Servizi presso il Chimelong Circus Hotel (Zhuhai Ocean Kingdom)<\/strong><\/p>\t\t\t\t\t\t\t\t<\/div>\n\t\t\t\t<\/div>\n\t\t\t\t<div class=\"elementor-element elementor-element-d07bd39 elementor-widget elementor-widget-text-editor\" data-id=\"d07bd39\" data-element_type=\"widget\" data-e-type=\"widget\" data-widget_type=\"text-editor.default\">\n\t\t\t\t<div class=\"elementor-widget-container\">\n\t\t\t\t\t\t\t\t\t<p>Al Chimelong Circus Hotel, dove la magia del circo incontra un&#039;ospitalit\u00e0 di livello mondiale, ogni servizio \u00e8 progettato per trasformare il vostro soggiorno in un perfetto mix di comfort, praticit\u00e0 e originalit\u00e0. Dalle sistemazioni a tema ai servizi pensati per le famiglie, l&#039;hotel assicura che ogni dettaglio sia in linea con la sua atmosfera incantevole, soddisfacendo al contempo le esigenze dei viaggiatori moderni.<\/p>\t\t\t\t\t\t\t\t<\/div>\n\t\t\t\t<\/div>\n\t\t\t\t\t<\/div>\n\t\t<\/div>\n\t\t\t\t\t<\/div>\n\t\t<\/section>\n\t\t\t\t<section class=\"elementor-section elementor-top-section elementor-element elementor-element-eb870d9 elementor-section-boxed elementor-section-gap-beside-yes elementor-section-height-default elementor-section-height-default elementor-section-column-vertical-align-stretch\" data-id=\"eb870d9\" data-element_type=\"section\" data-e-type=\"section\">\n\t\t\t\t\t\t<div class=\"elementor-container elementor-column-gap-extended\">\n\t\t\t\t\t<div class=\"elementor-column elementor-col-50 elementor-top-column elementor-element elementor-element-2f5d206\" data-id=\"2f5d206\" data-element_type=\"column\" data-e-type=\"column\">\n\t\t\t<div class=\"elementor-widget-wrap elementor-element-populated\">\n\t\t\t\t\t\t<div class=\"elementor-element elementor-element-a0de317 elementor-invisible nuss-elementor-loading nuss-slide-in-right elementor-widget elementor-widget-image\" data-id=\"a0de317\" data-element_type=\"widget\" data-e-type=\"widget\" data-settings=\"{&quot;_animation&quot;:&quot;nussSlideInRight&quot;}\" data-widget_type=\"image.default\">\n\t\t\t\t<div class=\"elementor-widget-container\">\n\t\t\t\t\t\t\t\t\t\t\t\t\t\t\t<img fetchpriority=\"high\" decoding=\"async\" width=\"1277\" height=\"853\" src=\"https:\/\/chimelongcircushotel.com\/wp-content\/uploads\/2025\/05\/Chimelong-Circus-Hotel-Zhuhai-Ocean-Kingdom-52.webp\" class=\"attachment-full size-full wp-image-5627\" alt=\"\" srcset=\"https:\/\/chimelongcircushotel.com\/wp-content\/uploads\/2025\/05\/Chimelong-Circus-Hotel-Zhuhai-Ocean-Kingdom-52.webp 1277w, https:\/\/chimelongcircushotel.com\/wp-content\/uploads\/2025\/05\/Chimelong-Circus-Hotel-Zhuhai-Ocean-Kingdom-52-300x200.webp 300w, https:\/\/chimelongcircushotel.com\/wp-content\/uploads\/2025\/05\/Chimelong-Circus-Hotel-Zhuhai-Ocean-Kingdom-52-1024x684.webp 1024w, https:\/\/chimelongcircushotel.com\/wp-content\/uploads\/2025\/05\/Chimelong-Circus-Hotel-Zhuhai-Ocean-Kingdom-52-768x513.webp 768w\" sizes=\"(max-width: 1277px) 100vw, 1277px\" \/>\t\t\t\t\t\t\t\t\t\t\t\t\t\t\t<\/div>\n\t\t\t\t<\/div>\n\t\t\t\t\t<\/div>\n\t\t<\/div>\n\t\t\t\t<div class=\"elementor-column elementor-col-50 elementor-top-column elementor-element elementor-element-36be69e\" data-id=\"36be69e\" data-element_type=\"column\" data-e-type=\"column\">\n\t\t\t<div class=\"elementor-widget-wrap elementor-element-populated\">\n\t\t\t\t\t\t<div class=\"elementor-element elementor-element-aa4c247 elementor-invisible elementor-widget elementor-widget-nuss-heading\" data-id=\"aa4c247\" data-element_type=\"widget\" data-e-type=\"widget\" data-settings=\"{&quot;_animation&quot;:&quot;nussFadeInUp&quot;}\" data-widget_type=\"nuss-heading.default\">\n\t\t\t\t<div class=\"elementor-widget-container\">\n\t\t\t\t\t\t\t<div class=\"nuss-modern-heading\">\r\n\t\t\t\r\n\t\t\t\t\t\t<div class=\"heading-primary-wrap\">\r\n\t\t\t\t<p class=\"heading-primary elementor-heading-title\">1. Eccellenza nell&#039;alloggio\n<\/p>\t\t\t<\/div>\r\n\t\t\r\n\t\t\t\t\t\t<div class=\"heading-divider-wrap\">\r\n\t\t\t\t<div class=\"heading-divider\" style=\"left: 0px;top: 11px\"><\/div>\r\n\t\t\t<\/div>\r\n\t\r\n\t\t\t\t\t<\/div>\r\n\t\t\t\t\t<\/div>\n\t\t\t\t<\/div>\n\t\t\t\t<div class=\"elementor-element elementor-element-a5c4fb7 elementor-invisible elementor-widget elementor-widget-text-editor\" data-id=\"a5c4fb7\" data-element_type=\"widget\" data-e-type=\"widget\" data-settings=\"{&quot;_animation&quot;:&quot;nussFadeInUp&quot;}\" data-widget_type=\"text-editor.default\">\n\t\t\t\t<div class=\"elementor-widget-container\">\n\t\t\t\t\t\t\t\t\t<p>Le camere del Chimelong Circus Hotel sono un&#039;oasi di comfort, dotate di lussuosi letti, TV a schermo piatto e aria condizionata per garantire notti di riposo dopo giornate di esplorazione. Ogni spazio \u00e8 dotato di scrivania, ideale per viaggiatori d&#039;affari o famiglie che necessitano di un angolo tranquillo, e le casseforti in camera garantiscono la massima tranquillit\u00e0 per gli oggetti di valore. L&#039;originale arredamento a tema circense, con dettagli ispirati al trapezio e colori vivaci, trasforma anche i momenti di routine in ricordi giocosi.<\/p>\t\t\t\t\t\t\t\t<\/div>\n\t\t\t\t<\/div>\n\t\t\t\t\t<\/div>\n\t\t<\/div>\n\t\t\t\t\t<\/div>\n\t\t<\/section>\n\t\t\t\t<section class=\"elementor-section elementor-top-section elementor-element elementor-element-30e46d3 elementor-section-boxed elementor-section-gap-beside-yes elementor-section-height-default elementor-section-height-default elementor-section-column-vertical-align-stretch\" data-id=\"30e46d3\" data-element_type=\"section\" data-e-type=\"section\">\n\t\t\t\t\t\t<div class=\"elementor-container elementor-column-gap-extended\">\n\t\t\t\t\t<div class=\"elementor-column elementor-col-50 elementor-top-column elementor-element elementor-element-5100fae\" data-id=\"5100fae\" data-element_type=\"column\" data-e-type=\"column\">\n\t\t\t<div class=\"elementor-widget-wrap elementor-element-populated\">\n\t\t\t\t\t\t<div class=\"elementor-element elementor-element-97e0b89 elementor-invisible elementor-widget elementor-widget-nuss-heading\" data-id=\"97e0b89\" data-element_type=\"widget\" data-e-type=\"widget\" data-settings=\"{&quot;_animation&quot;:&quot;nussFadeInUp&quot;}\" data-widget_type=\"nuss-heading.default\">\n\t\t\t\t<div class=\"elementor-widget-container\">\n\t\t\t\t\t\t\t<div class=\"nuss-modern-heading\">\r\n\t\t\t\r\n\t\t\t\t\t\t<div class=\"heading-primary-wrap\">\r\n\t\t\t\t<p class=\"heading-primary elementor-heading-title\">2. Avventure culinarie con un tocco di spettacolo<\/p>\t\t\t<\/div>\r\n\t\t\r\n\t\t\t\t\t\t<div class=\"heading-divider-wrap\">\r\n\t\t\t\t<div class=\"heading-divider\" style=\"left: 0px;top: 11px\"><\/div>\r\n\t\t\t<\/div>\r\n\t\r\n\t\t\t\t\t<\/div>\r\n\t\t\t\t\t<\/div>\n\t\t\t\t<\/div>\n\t\t\t\t<div class=\"elementor-element elementor-element-5b35b86 elementor-invisible elementor-widget elementor-widget-text-editor\" data-id=\"5b35b86\" data-element_type=\"widget\" data-e-type=\"widget\" data-settings=\"{&quot;_animation&quot;:&quot;nussFadeInUp&quot;}\" data-widget_type=\"text-editor.default\">\n\t\t\t\t<div class=\"elementor-widget-container\">\n\t\t\t\t\t\t\t\t\t<p>Cenare qui \u00e8 un evento di per s\u00e9. I ristoranti dell&#039;hotel, tra cui un vivace buffet e un Munich Bar in stile bavarese, servono un mix di sapori internazionali, dai dim sum cantonesi ai piccanti piatti del Sichuan. L&#039;area buffet, progettata con motivi circensi, pu\u00f2 ospitare fino a 700 persone, rendendola perfetta per famiglie numerose o gruppi. Per un&#039;esperienza pi\u00f9 tranquilla, l&#039;Hing Loung Tea Restaurant offre un ambiente raffinato dove gustare t\u00e8 tradizionali e spuntini leggeri.<\/p>\t\t\t\t\t\t\t\t<\/div>\n\t\t\t\t<\/div>\n\t\t\t\t\t<\/div>\n\t\t<\/div>\n\t\t\t\t<div class=\"elementor-column elementor-col-50 elementor-top-column elementor-element elementor-element-79980b6\" data-id=\"79980b6\" data-element_type=\"column\" data-e-type=\"column\">\n\t\t\t<div class=\"elementor-widget-wrap elementor-element-populated\">\n\t\t\t\t\t\t<div class=\"elementor-element elementor-element-59c2d22 elementor-invisible nuss-elementor-loading nuss-slide-in-left elementor-widget elementor-widget-image\" data-id=\"59c2d22\" data-element_type=\"widget\" data-e-type=\"widget\" data-settings=\"{&quot;_animation&quot;:&quot;nussSlideInLeft&quot;}\" data-widget_type=\"image.default\">\n\t\t\t\t<div class=\"elementor-widget-container\">\n\t\t\t\t\t\t\t\t\t\t\t\t\t\t\t<img decoding=\"async\" width=\"1277\" height=\"853\" src=\"https:\/\/chimelongcircushotel.com\/wp-content\/uploads\/2025\/05\/Chimelong-Circus-Hotel-Zhuhai-Ocean-Kingdom-31.webp\" class=\"attachment-full size-full wp-image-5606\" alt=\"\" srcset=\"https:\/\/chimelongcircushotel.com\/wp-content\/uploads\/2025\/05\/Chimelong-Circus-Hotel-Zhuhai-Ocean-Kingdom-31.webp 1277w, https:\/\/chimelongcircushotel.com\/wp-content\/uploads\/2025\/05\/Chimelong-Circus-Hotel-Zhuhai-Ocean-Kingdom-31-300x200.webp 300w, https:\/\/chimelongcircushotel.com\/wp-content\/uploads\/2025\/05\/Chimelong-Circus-Hotel-Zhuhai-Ocean-Kingdom-31-1024x684.webp 1024w, https:\/\/chimelongcircushotel.com\/wp-content\/uploads\/2025\/05\/Chimelong-Circus-Hotel-Zhuhai-Ocean-Kingdom-31-768x513.webp 768w\" sizes=\"(max-width: 1277px) 100vw, 1277px\" \/>\t\t\t\t\t\t\t\t\t\t\t\t\t\t\t<\/div>\n\t\t\t\t<\/div>\n\t\t\t\t\t<\/div>\n\t\t<\/div>\n\t\t\t\t\t<\/div>\n\t\t<\/section>\n\t\t\t\t<section class=\"elementor-section elementor-top-section elementor-element elementor-element-57e1072 elementor-section-boxed elementor-section-gap-beside-yes elementor-section-height-default elementor-section-height-default elementor-section-column-vertical-align-stretch\" data-id=\"57e1072\" data-element_type=\"section\" data-e-type=\"section\">\n\t\t\t\t\t\t<div class=\"elementor-container elementor-column-gap-extended\">\n\t\t\t\t\t<div class=\"elementor-column elementor-col-50 elementor-top-column elementor-element elementor-element-ae65b33\" data-id=\"ae65b33\" data-element_type=\"column\" data-e-type=\"column\">\n\t\t\t<div class=\"elementor-widget-wrap elementor-element-populated\">\n\t\t\t\t\t\t<div class=\"elementor-element elementor-element-3a0dcad elementor-invisible nuss-elementor-loading nuss-slide-in-right elementor-widget elementor-widget-image\" data-id=\"3a0dcad\" data-element_type=\"widget\" data-e-type=\"widget\" data-settings=\"{&quot;_animation&quot;:&quot;nussSlideInRight&quot;}\" data-widget_type=\"image.default\">\n\t\t\t\t<div class=\"elementor-widget-container\">\n\t\t\t\t\t\t\t\t\t\t\t\t\t\t\t<img decoding=\"async\" width=\"1276\" height=\"853\" src=\"https:\/\/chimelongcircushotel.com\/wp-content\/uploads\/2025\/05\/Chimelong-Circus-Hotel-Zhuhai-Ocean-Kingdom-24.webp\" class=\"attachment-full size-full wp-image-5599\" alt=\"\" srcset=\"https:\/\/chimelongcircushotel.com\/wp-content\/uploads\/2025\/05\/Chimelong-Circus-Hotel-Zhuhai-Ocean-Kingdom-24.webp 1276w, https:\/\/chimelongcircushotel.com\/wp-content\/uploads\/2025\/05\/Chimelong-Circus-Hotel-Zhuhai-Ocean-Kingdom-24-300x201.webp 300w, https:\/\/chimelongcircushotel.com\/wp-content\/uploads\/2025\/05\/Chimelong-Circus-Hotel-Zhuhai-Ocean-Kingdom-24-1024x685.webp 1024w, https:\/\/chimelongcircushotel.com\/wp-content\/uploads\/2025\/05\/Chimelong-Circus-Hotel-Zhuhai-Ocean-Kingdom-24-768x513.webp 768w\" sizes=\"(max-width: 1276px) 100vw, 1276px\" \/>\t\t\t\t\t\t\t\t\t\t\t\t\t\t\t<\/div>\n\t\t\t\t<\/div>\n\t\t\t\t\t<\/div>\n\t\t<\/div>\n\t\t\t\t<div class=\"elementor-column elementor-col-50 elementor-top-column elementor-element elementor-element-ecff995\" data-id=\"ecff995\" data-element_type=\"column\" data-e-type=\"column\">\n\t\t\t<div class=\"elementor-widget-wrap elementor-element-populated\">\n\t\t\t\t\t\t<div class=\"elementor-element elementor-element-6fdffe5 elementor-invisible elementor-widget elementor-widget-nuss-heading\" data-id=\"6fdffe5\" data-element_type=\"widget\" data-e-type=\"widget\" data-settings=\"{&quot;_animation&quot;:&quot;nussFadeInUp&quot;}\" data-widget_type=\"nuss-heading.default\">\n\t\t\t\t<div class=\"elementor-widget-container\">\n\t\t\t\t\t\t\t<div class=\"nuss-modern-heading\">\r\n\t\t\t\r\n\t\t\t\t\t\t<div class=\"heading-primary-wrap\">\r\n\t\t\t\t<p class=\"heading-primary elementor-heading-title\">3. Comodit\u00e0 incentrata sulla famiglia<\/p>\t\t\t<\/div>\r\n\t\t\r\n\t\t\t\t\t\t<div class=\"heading-divider-wrap\">\r\n\t\t\t\t<div class=\"heading-divider\" style=\"left: 0px;top: 11px\"><\/div>\r\n\t\t\t<\/div>\r\n\t\r\n\t\t\t\t\t<\/div>\r\n\t\t\t\t\t<\/div>\n\t\t\t\t<\/div>\n\t\t\t\t<div class=\"elementor-element elementor-element-4543a9b elementor-invisible elementor-widget elementor-widget-text-editor\" data-id=\"4543a9b\" data-element_type=\"widget\" data-e-type=\"widget\" data-settings=\"{&quot;_animation&quot;:&quot;nussFadeInUp&quot;}\" data-widget_type=\"text-editor.default\">\n\t\t\t\t<div class=\"elementor-widget-container\">\n\t\t\t\t\t\t\t\t\t<p>Pensato per le famiglie, l&#039;hotel offre servizi come culle, aree pranzo a misura di bambino e spazi interattivi dove i pi\u00f9 piccoli possono cimentarsi in attivit\u00e0 a tema circense. Il servizio lavanderia assicura che i genitori possano stare al passo con le loro avventure, mentre il deposito bagagli consente di esplorare la struttura senza problemi prima del check-in o dopo il check-out.<\/p>\t\t\t\t\t\t\t\t<\/div>\n\t\t\t\t<\/div>\n\t\t\t\t\t<\/div>\n\t\t<\/div>\n\t\t\t\t\t<\/div>\n\t\t<\/section>\n\t\t\t\t<section class=\"elementor-section elementor-top-section elementor-element elementor-element-515005f elementor-section-boxed elementor-section-gap-beside-yes elementor-section-height-default elementor-section-height-default elementor-section-column-vertical-align-stretch\" data-id=\"515005f\" data-element_type=\"section\" data-e-type=\"section\">\n\t\t\t\t\t\t<div class=\"elementor-container elementor-column-gap-extended\">\n\t\t\t\t\t<div class=\"elementor-column elementor-col-50 elementor-top-column elementor-element elementor-element-b8bc943\" data-id=\"b8bc943\" data-element_type=\"column\" data-e-type=\"column\">\n\t\t\t<div class=\"elementor-widget-wrap elementor-element-populated\">\n\t\t\t\t\t\t<div class=\"elementor-element elementor-element-ce85d41 elementor-invisible elementor-widget elementor-widget-nuss-heading\" data-id=\"ce85d41\" data-element_type=\"widget\" data-e-type=\"widget\" data-settings=\"{&quot;_animation&quot;:&quot;nussFadeInUp&quot;}\" data-widget_type=\"nuss-heading.default\">\n\t\t\t\t<div class=\"elementor-widget-container\">\n\t\t\t\t\t\t\t<div class=\"nuss-modern-heading\">\r\n\t\t\t\r\n\t\t\t\t\t\t<div class=\"heading-primary-wrap\">\r\n\t\t\t\t<p class=\"heading-primary elementor-heading-title\">4. Accessibilit\u00e0 e servizi pratici<\/p>\t\t\t<\/div>\r\n\t\t\r\n\t\t\t\t\t\t<div class=\"heading-divider-wrap\">\r\n\t\t\t\t<div class=\"heading-divider\" style=\"left: 0px;top: 11px\"><\/div>\r\n\t\t\t<\/div>\r\n\t\r\n\t\t\t\t\t<\/div>\r\n\t\t\t\t\t<\/div>\n\t\t\t\t<\/div>\n\t\t\t\t<div class=\"elementor-element elementor-element-0415e9c elementor-invisible elementor-widget elementor-widget-text-editor\" data-id=\"0415e9c\" data-element_type=\"widget\" data-e-type=\"widget\" data-settings=\"{&quot;_animation&quot;:&quot;nussFadeInUp&quot;}\" data-widget_type=\"text-editor.default\">\n\t\t\t\t<div class=\"elementor-widget-container\">\n\t\t\t\t\t\t\t\t\t<p>Impegnato nell&#039;inclusivit\u00e0, l&#039;hotel offre camere e servizi accessibili alle sedie a rotelle, garantendo a tutti gli ospiti di godere della magia senza barriere. Il Wi-Fi gratuito nelle camere e nelle aree comuni consente agli ospiti di connettersi, mentre il parcheggio in loco semplifica la logistica per chi arriva in auto.<\/p>\t\t\t\t\t\t\t\t<\/div>\n\t\t\t\t<\/div>\n\t\t\t\t\t<\/div>\n\t\t<\/div>\n\t\t\t\t<div class=\"elementor-column elementor-col-50 elementor-top-column elementor-element elementor-element-74f1a85\" data-id=\"74f1a85\" data-element_type=\"column\" data-e-type=\"column\">\n\t\t\t<div class=\"elementor-widget-wrap elementor-element-populated\">\n\t\t\t\t\t\t<div class=\"elementor-element elementor-element-d007f5e elementor-invisible nuss-elementor-loading nuss-slide-in-left elementor-widget elementor-widget-image\" data-id=\"d007f5e\" data-element_type=\"widget\" data-e-type=\"widget\" data-settings=\"{&quot;_animation&quot;:&quot;nussSlideInLeft&quot;}\" data-widget_type=\"image.default\">\n\t\t\t\t<div class=\"elementor-widget-container\">\n\t\t\t\t\t\t\t\t\t\t\t\t\t\t\t<img loading=\"lazy\" decoding=\"async\" width=\"1277\" height=\"853\" src=\"https:\/\/chimelongcircushotel.com\/wp-content\/uploads\/2025\/05\/Chimelong-Circus-Hotel-Zhuhai-Ocean-Kingdom-67.webp\" class=\"attachment-full size-full wp-image-5642\" alt=\"\" srcset=\"https:\/\/chimelongcircushotel.com\/wp-content\/uploads\/2025\/05\/Chimelong-Circus-Hotel-Zhuhai-Ocean-Kingdom-67.webp 1277w, https:\/\/chimelongcircushotel.com\/wp-content\/uploads\/2025\/05\/Chimelong-Circus-Hotel-Zhuhai-Ocean-Kingdom-67-300x200.webp 300w, https:\/\/chimelongcircushotel.com\/wp-content\/uploads\/2025\/05\/Chimelong-Circus-Hotel-Zhuhai-Ocean-Kingdom-67-1024x684.webp 1024w, https:\/\/chimelongcircushotel.com\/wp-content\/uploads\/2025\/05\/Chimelong-Circus-Hotel-Zhuhai-Ocean-Kingdom-67-768x513.webp 768w\" sizes=\"(max-width: 1277px) 100vw, 1277px\" \/>\t\t\t\t\t\t\t\t\t\t\t\t\t\t\t<\/div>\n\t\t\t\t<\/div>\n\t\t\t\t\t<\/div>\n\t\t<\/div>\n\t\t\t\t\t<\/div>\n\t\t<\/section>\n\t\t\t\t<section class=\"elementor-section elementor-top-section elementor-element elementor-element-5e13305 elementor-section-boxed elementor-section-gap-beside-yes elementor-section-height-default elementor-section-height-default elementor-section-column-vertical-align-stretch\" data-id=\"5e13305\" data-element_type=\"section\" data-e-type=\"section\">\n\t\t\t\t\t\t<div class=\"elementor-container elementor-column-gap-extended\">\n\t\t\t\t\t<div class=\"elementor-column elementor-col-50 elementor-top-column elementor-element elementor-element-0fdd247\" data-id=\"0fdd247\" data-element_type=\"column\" data-e-type=\"column\">\n\t\t\t<div class=\"elementor-widget-wrap elementor-element-populated\">\n\t\t\t\t\t\t<div class=\"elementor-element elementor-element-6cb7c3a elementor-invisible nuss-elementor-loading nuss-slide-in-right elementor-widget elementor-widget-image\" data-id=\"6cb7c3a\" data-element_type=\"widget\" data-e-type=\"widget\" data-settings=\"{&quot;_animation&quot;:&quot;nussSlideInRight&quot;}\" data-widget_type=\"image.default\">\n\t\t\t\t<div class=\"elementor-widget-container\">\n\t\t\t\t\t\t\t\t\t\t\t\t\t\t\t<img loading=\"lazy\" decoding=\"async\" width=\"1280\" height=\"853\" src=\"https:\/\/chimelongcircushotel.com\/wp-content\/uploads\/2025\/05\/Chimelong-Circus-Hotel-Zhuhai-Ocean-Kingdom-65.webp\" class=\"attachment-full size-full wp-image-5640\" alt=\"\" srcset=\"https:\/\/chimelongcircushotel.com\/wp-content\/uploads\/2025\/05\/Chimelong-Circus-Hotel-Zhuhai-Ocean-Kingdom-65.webp 1280w, https:\/\/chimelongcircushotel.com\/wp-content\/uploads\/2025\/05\/Chimelong-Circus-Hotel-Zhuhai-Ocean-Kingdom-65-300x200.webp 300w, https:\/\/chimelongcircushotel.com\/wp-content\/uploads\/2025\/05\/Chimelong-Circus-Hotel-Zhuhai-Ocean-Kingdom-65-1024x682.webp 1024w, https:\/\/chimelongcircushotel.com\/wp-content\/uploads\/2025\/05\/Chimelong-Circus-Hotel-Zhuhai-Ocean-Kingdom-65-768x512.webp 768w\" sizes=\"(max-width: 1280px) 100vw, 1280px\" \/>\t\t\t\t\t\t\t\t\t\t\t\t\t\t\t<\/div>\n\t\t\t\t<\/div>\n\t\t\t\t\t<\/div>\n\t\t<\/div>\n\t\t\t\t<div class=\"elementor-column elementor-col-50 elementor-top-column elementor-element elementor-element-97fb468\" data-id=\"97fb468\" data-element_type=\"column\" data-e-type=\"column\">\n\t\t\t<div class=\"elementor-widget-wrap elementor-element-populated\">\n\t\t\t\t\t\t<div class=\"elementor-element elementor-element-84870b1 elementor-invisible elementor-widget elementor-widget-nuss-heading\" data-id=\"84870b1\" data-element_type=\"widget\" data-e-type=\"widget\" data-settings=\"{&quot;_animation&quot;:&quot;nussFadeInUp&quot;}\" data-widget_type=\"nuss-heading.default\">\n\t\t\t\t<div class=\"elementor-widget-container\">\n\t\t\t\t\t\t\t<div class=\"nuss-modern-heading\">\r\n\t\t\t\r\n\t\t\t\t\t\t<div class=\"heading-primary-wrap\">\r\n\t\t\t\t<p class=\"heading-primary elementor-heading-title\">5. Posizione strategica e oltre<\/p>\t\t\t<\/div>\r\n\t\t\r\n\t\t\t\t\t\t<div class=\"heading-divider-wrap\">\r\n\t\t\t\t<div class=\"heading-divider\" style=\"left: 0px;top: 11px\"><\/div>\r\n\t\t\t<\/div>\r\n\t\r\n\t\t\t\t\t<\/div>\r\n\t\t\t\t\t<\/div>\n\t\t\t\t<\/div>\n\t\t\t\t<div class=\"elementor-element elementor-element-ac85f25 elementor-invisible elementor-widget elementor-widget-text-editor\" data-id=\"ac85f25\" data-element_type=\"widget\" data-e-type=\"widget\" data-settings=\"{&quot;_animation&quot;:&quot;nussFadeInUp&quot;}\" data-widget_type=\"text-editor.default\">\n\t\t\t\t<div class=\"elementor-widget-container\">\n\t\t\t\t\t\t\t\t\t<p>A pochi passi dal Chimelong Ocean Kingdom e dal Circus Theater, la posizione privilegiata dell&#039;hotel permette agli ospiti di immergersi senza sforzo nelle meraviglie marine del parco o di assistere a uno spettacolo acrobatico mozzafiato. Il servizio concierge \u00e8 a disposizione per assistervi nella prenotazione dei biglietti, nei trasporti e nella pianificazione dell&#039;itinerario, garantendo che ogni momento del vostro soggiorno sia all&#039;insegna del divertimento.<\/p><p>Fin dal vostro arrivo, il Chimelong Circus Hotel coniuga praticit\u00e0 e un ambiente fantastico, dimostrando che anche sotto il tendone, il lusso moderno e un servizio attento regnano sovrani.<\/p>\t\t\t\t\t\t\t\t<\/div>\n\t\t\t\t<\/div>\n\t\t\t\t\t<\/div>\n\t\t<\/div>\n\t\t\t\t\t<\/div>\n\t\t<\/section>\n\t\t\t\t<\/div>","protected":false},"excerpt":{"rendered":"<p>Services at Chimelong Circus Hotel (Zhuhai Ocean Kingdom) At Chimelong Circus Hotel, where the magic of the circus meets world-class hospitality, every service is designed to elevate your stay into a seamless blend of comfort, convenience, and whimsy. From themed accommodations to thoughtful family-friendly amenities, the hotel ensures that every detail aligns with its enchanting [&hellip;]<\/p>\n","protected":false},"author":1,"featured_media":0,"parent":0,"menu_order":0,"comment_status":"closed","ping_status":"closed","template":"","meta":{"footnotes":""},"class_list":["post-647","page","type-page","status-publish","hentry","post-no-thumbnail"],"_links":{"self":[{"href":"https:\/\/chimelongcircushotel.com\/it\/wp-json\/wp\/v2\/pages\/647","targetHints":{"allow":["GET"]}}],"collection":[{"href":"https:\/\/chimelongcircushotel.com\/it\/wp-json\/wp\/v2\/pages"}],"about":[{"href":"https:\/\/chimelongcircushotel.com\/it\/wp-json\/wp\/v2\/types\/page"}],"author":[{"embeddable":true,"href":"https:\/\/chimelongcircushotel.com\/it\/wp-json\/wp\/v2\/users\/1"}],"replies":[{"embeddable":true,"href":"https:\/\/chimelongcircushotel.com\/it\/wp-json\/wp\/v2\/comments?post=647"}],"version-history":[{"count":0,"href":"https:\/\/chimelongcircushotel.com\/it\/wp-json\/wp\/v2\/pages\/647\/revisions"}],"wp:attachment":[{"href":"https:\/\/chimelongcircushotel.com\/it\/wp-json\/wp\/v2\/media?parent=647"}],"curies":[{"name":"parola chiave","href":"https:\/\/api.w.org\/{rel}","templated":true}]}}