{"id":5266,"date":"2021-07-18T08:03:35","date_gmt":"2021-07-18T08:03:35","guid":{"rendered":"https:\/\/nuss.uxper.co\/luxury-resort\/?page_id=5266"},"modified":"2025-12-04T15:22:27","modified_gmt":"2025-12-04T15:22:27","slug":"sobre-nosotros","status":"publish","type":"page","link":"https:\/\/chimelongcircushotel.com\/es\/sobre-nosotros\/","title":{"rendered":"Sobre nosotros"},"content":{"rendered":"<div data-elementor-type=\"wp-page\" data-elementor-id=\"5266\" class=\"elementor elementor-5266\">\n\t\t\t\t\t\t<section class=\"elementor-section elementor-top-section elementor-element elementor-element-10416953 elementor-section-boxed elementor-section-gap-beside-yes elementor-section-height-default elementor-section-height-default elementor-section-column-vertical-align-stretch\" data-id=\"10416953\" data-element_type=\"section\" data-e-type=\"section\">\n\t\t\t\t\t\t<div class=\"elementor-container elementor-column-gap-extended\">\n\t\t\t\t\t<div class=\"elementor-column elementor-col-100 elementor-top-column elementor-element elementor-element-29c6aa8\" data-id=\"29c6aa8\" data-element_type=\"column\" data-e-type=\"column\">\n\t\t\t<div class=\"elementor-widget-wrap elementor-element-populated\">\n\t\t\t\t\t\t<div class=\"elementor-element elementor-element-7be18fe7 elementor-widget__width-initial elementor-invisible elementor-widget elementor-widget-text-editor\" data-id=\"7be18fe7\" data-element_type=\"widget\" data-e-type=\"widget\" data-settings=\"{&quot;_animation&quot;:&quot;nussFadeInUp&quot;}\" data-widget_type=\"text-editor.default\">\n\t\t\t\t<div class=\"elementor-widget-container\">\n\t\t\t\t\t\t\t\t\t<p>El Chimelong Circus Hotel (Zhuhai Ocean Kingdom) se erige como una vibrante puerta de entrada a uno de los destinos de entretenimiento m\u00e1s inmersivos de China, combinando a la perfecci\u00f3n un dise\u00f1o extravagante, lujo familiar y un acceso incomparable a las maravillas del Chimelong Resort de Zhuhai.<\/p>\t\t\t\t\t\t\t\t<\/div>\n\t\t\t\t<\/div>\n\t\t\t\t\t<\/div>\n\t\t<\/div>\n\t\t\t\t\t<\/div>\n\t\t<\/section>\n\t\t\t\t<section class=\"elementor-section elementor-top-section elementor-element elementor-element-7d18327f elementor-section-boxed elementor-section-gap-beside-yes elementor-section-height-default elementor-section-height-default elementor-section-column-vertical-align-stretch\" data-id=\"7d18327f\" data-element_type=\"section\" data-e-type=\"section\">\n\t\t\t\t\t\t<div class=\"elementor-container elementor-column-gap-extended\">\n\t\t\t\t\t<div class=\"elementor-column elementor-col-50 elementor-top-column elementor-element elementor-element-56533670\" data-id=\"56533670\" data-element_type=\"column\" data-e-type=\"column\">\n\t\t\t<div class=\"elementor-widget-wrap elementor-element-populated\">\n\t\t\t\t\t\t<div class=\"elementor-element elementor-element-73d37cf elementor-widget elementor-widget-text-editor\" data-id=\"73d37cf\" data-element_type=\"widget\" data-e-type=\"widget\" data-widget_type=\"text-editor.default\">\n\t\t\t\t<div class=\"elementor-widget-container\">\n\t\t\t\t\t\t\t\t\t<p>Ubicado en un extenso complejo recreativo, este hotel es m\u00e1s que un simple alojamiento: es una extensi\u00f3n del fant\u00e1stico mundo del Reino Oce\u00e1nico de Chimelong, donde la vida marina se fusiona con atracciones llenas de adrenalina. Los hu\u00e9spedes disfrutan de una experiencia cuidadosamente seleccionada, con paquetes que incluyen abundantes buf\u00e9s de desayuno y cena, entrada ilimitada a las maravillas acu\u00e1ticas del Reino Oce\u00e1nico y asientos en primera fila para el impresionante Circo Internacional de Chimelong.<\/p>\t\t\t\t\t\t\t\t<\/div>\n\t\t\t\t<\/div>\n\t\t\t\t\t<\/div>\n\t\t<\/div>\n\t\t\t\t<div class=\"elementor-column elementor-col-50 elementor-top-column elementor-element elementor-element-30f14127\" data-id=\"30f14127\" data-element_type=\"column\" data-e-type=\"column\">\n\t\t\t<div class=\"elementor-widget-wrap elementor-element-populated\">\n\t\t\t\t\t\t<div class=\"elementor-element elementor-element-350da02e elementor-invisible nuss-elementor-loading nuss-slide-in-left elementor-widget elementor-widget-image\" data-id=\"350da02e\" data-element_type=\"widget\" data-e-type=\"widget\" data-settings=\"{&quot;_animation&quot;:&quot;nussSlideInLeft&quot;}\" data-widget_type=\"image.default\">\n\t\t\t\t<div class=\"elementor-widget-container\">\n\t\t\t\t\t\t\t\t\t\t\t\t\t\t\t<img fetchpriority=\"high\" decoding=\"async\" width=\"1280\" height=\"853\" src=\"https:\/\/chimelongcircushotel.com\/wp-content\/uploads\/2025\/05\/Chimelong-Circus-Hotel-Zhuhai-Ocean-Kingdom-77.webp\" class=\"attachment-full size-full wp-image-5653\" alt=\"\" srcset=\"https:\/\/chimelongcircushotel.com\/wp-content\/uploads\/2025\/05\/Chimelong-Circus-Hotel-Zhuhai-Ocean-Kingdom-77.webp 1280w, https:\/\/chimelongcircushotel.com\/wp-content\/uploads\/2025\/05\/Chimelong-Circus-Hotel-Zhuhai-Ocean-Kingdom-77-300x200.webp 300w, https:\/\/chimelongcircushotel.com\/wp-content\/uploads\/2025\/05\/Chimelong-Circus-Hotel-Zhuhai-Ocean-Kingdom-77-1024x682.webp 1024w, https:\/\/chimelongcircushotel.com\/wp-content\/uploads\/2025\/05\/Chimelong-Circus-Hotel-Zhuhai-Ocean-Kingdom-77-768x512.webp 768w\" sizes=\"(max-width: 1280px) 100vw, 1280px\" \/>\t\t\t\t\t\t\t\t\t\t\t\t\t\t\t<\/div>\n\t\t\t\t<\/div>\n\t\t\t\t\t<\/div>\n\t\t<\/div>\n\t\t\t\t\t<\/div>\n\t\t<\/section>\n\t\t\t\t<section class=\"elementor-section elementor-top-section elementor-element elementor-element-29fb8578 elementor-section-height-min-height elementor-section-stretched elementor-section-full_width elementor-section-items-stretch elementor-section-height-default elementor-section-column-vertical-align-stretch\" data-id=\"29fb8578\" data-element_type=\"section\" data-e-type=\"section\" data-settings=\"{&quot;stretch_section&quot;:&quot;section-stretched&quot;}\">\n\t\t\t\t\t\t<div class=\"elementor-container elementor-column-gap-no\">\n\t\t\t\t\t<div class=\"elementor-column elementor-col-50 elementor-top-column elementor-element elementor-element-40ac270b\" data-id=\"40ac270b\" data-element_type=\"column\" data-e-type=\"column\">\n\t\t\t<div class=\"elementor-widget-wrap elementor-element-populated\">\n\t\t\t\t\t\t<div class=\"elementor-element elementor-element-20872773 elementor-widget__width-initial elementor-widget-mobile__width-inherit elementor-invisible nuss-elementor-loading nuss-slide-in-right elementor-widget elementor-widget-image\" data-id=\"20872773\" data-element_type=\"widget\" data-e-type=\"widget\" data-settings=\"{&quot;_animation&quot;:&quot;nussSlideInRight&quot;}\" data-widget_type=\"image.default\">\n\t\t\t\t<div class=\"elementor-widget-container\">\n\t\t\t\t\t\t\t\t\t\t\t\t\t\t\t<img decoding=\"async\" width=\"1280\" height=\"853\" src=\"https:\/\/chimelongcircushotel.com\/wp-content\/uploads\/2025\/05\/Chimelong-Circus-Hotel-Zhuhai-Ocean-Kingdom-80.webp\" class=\"attachment-full size-full wp-image-5656\" alt=\"\" srcset=\"https:\/\/chimelongcircushotel.com\/wp-content\/uploads\/2025\/05\/Chimelong-Circus-Hotel-Zhuhai-Ocean-Kingdom-80.webp 1280w, https:\/\/chimelongcircushotel.com\/wp-content\/uploads\/2025\/05\/Chimelong-Circus-Hotel-Zhuhai-Ocean-Kingdom-80-300x200.webp 300w, https:\/\/chimelongcircushotel.com\/wp-content\/uploads\/2025\/05\/Chimelong-Circus-Hotel-Zhuhai-Ocean-Kingdom-80-1024x682.webp 1024w, https:\/\/chimelongcircushotel.com\/wp-content\/uploads\/2025\/05\/Chimelong-Circus-Hotel-Zhuhai-Ocean-Kingdom-80-768x512.webp 768w\" sizes=\"(max-width: 1280px) 100vw, 1280px\" \/>\t\t\t\t\t\t\t\t\t\t\t\t\t\t\t<\/div>\n\t\t\t\t<\/div>\n\t\t\t\t\t<\/div>\n\t\t<\/div>\n\t\t\t\t<div class=\"elementor-column elementor-col-50 elementor-top-column elementor-element elementor-element-2dac103\" data-id=\"2dac103\" data-element_type=\"column\" data-e-type=\"column\">\n\t\t\t<div class=\"elementor-widget-wrap elementor-element-populated\">\n\t\t\t\t\t\t<div class=\"elementor-element elementor-element-7df0054f elementor-invisible elementor-widget elementor-widget-nuss-heading\" data-id=\"7df0054f\" data-element_type=\"widget\" data-e-type=\"widget\" data-settings=\"{&quot;_animation&quot;:&quot;nussFadeInUp&quot;}\" data-widget_type=\"nuss-heading.default\">\n\t\t\t\t<div class=\"elementor-widget-container\">\n\t\t\t\t\t\t\t<div class=\"nuss-modern-heading\">\r\n\t\t\t\r\n\t\t\t\t\t\t<div class=\"heading-primary-wrap\">\r\n\t\t\t\t<h4 class=\"heading-primary elementor-heading-title\">Ubicaci\u00f3n<\/h4>\t\t\t<\/div>\r\n\t\t\r\n\t\t\t\t\t\t<div class=\"heading-divider-wrap\">\r\n\t\t\t\t<div class=\"heading-divider\" style=\"left: 0px;top: 6px\"><\/div>\r\n\t\t\t<\/div>\r\n\t\r\n\t\t\t\t\t<\/div>\r\n\t\t\t\t\t<\/div>\n\t\t\t\t<\/div>\n\t\t\t\t<div class=\"elementor-element elementor-element-6f1b8966 elementor-invisible elementor-widget elementor-widget-text-editor\" data-id=\"6f1b8966\" data-element_type=\"widget\" data-e-type=\"widget\" data-settings=\"{&quot;_animation&quot;:&quot;nussFadeInUp&quot;}\" data-widget_type=\"text-editor.default\">\n\t\t\t\t<div class=\"elementor-widget-container\">\n\t\t\t\t\t\t\t\t\t<p>La ubicaci\u00f3n estrat\u00e9gica del hotel coloca a los hu\u00e9spedes a solo unos minutos de lugares emblem\u00e1ticos como el Museo Taipa Houses (a 15 minutos en auto) y la serena Estatua A-Ma (a 25 minutos a pie), lo que lo convierte en una base ideal para exploradores que buscan tanto enriquecimiento cultural como emociones modernas. Las habitaciones est\u00e1n cuidadosamente dise\u00f1adas con comodidades como televisores de pantalla plana, aire acondicionado y espacios de trabajo ergon\u00f3micos, lo que garantiza la comodidad tanto para viajeros de placer como de negocios. Como parte de la cartera visionaria del Grupo Chimelong, l\u00edder en complejos tur\u00edsticos con parques tem\u00e1ticos y entretenimiento cultural, el hotel encarna el compromiso de crear &quot;felicidad infinita&quot;, donde cada estad\u00eda se entrelaza con la magia de las aventuras con tem\u00e1tica oce\u00e1nica, espect\u00e1culos de alta energ\u00eda y delicias culinarias. Ya sea maravill\u00e1ndose con espect\u00e1culos acrob\u00e1ticos o sumergi\u00e9ndose en las profundidades del acuario m\u00e1s grande del mundo, los hu\u00e9spedes aqu\u00ed se embarcan en un viaje donde el lujo y la imaginaci\u00f3n chocan.<\/p>\t\t\t\t\t\t\t\t<\/div>\n\t\t\t\t<\/div>\n\t\t\t\t\t<\/div>\n\t\t<\/div>\n\t\t\t\t\t<\/div>\n\t\t<\/section>\n\t\t\t\t<\/div>","protected":false},"excerpt":{"rendered":"<p>Chimelong Circus Hotel (Zhuhai Ocean Kingdom) stands as a vibrant gateway to one of China\u2019s most immersive entertainment destinations, seamlessly blending whimsical design, family-friendly luxury, and unparalleled access to the wonders of Zhuhai\u2019s Chimelong Resort Nestled within a sprawling recreational complex, this hotel is more than just accommodation\u2014it\u2019s an extension of the fantastical world of [&hellip;]<\/p>\n","protected":false},"author":1,"featured_media":0,"parent":0,"menu_order":0,"comment_status":"closed","ping_status":"closed","template":"","meta":{"footnotes":""},"class_list":["post-5266","page","type-page","status-publish","hentry","post-no-thumbnail"],"_links":{"self":[{"href":"https:\/\/chimelongcircushotel.com\/es\/wp-json\/wp\/v2\/pages\/5266","targetHints":{"allow":["GET"]}}],"collection":[{"href":"https:\/\/chimelongcircushotel.com\/es\/wp-json\/wp\/v2\/pages"}],"about":[{"href":"https:\/\/chimelongcircushotel.com\/es\/wp-json\/wp\/v2\/types\/page"}],"author":[{"embeddable":true,"href":"https:\/\/chimelongcircushotel.com\/es\/wp-json\/wp\/v2\/users\/1"}],"replies":[{"embeddable":true,"href":"https:\/\/chimelongcircushotel.com\/es\/wp-json\/wp\/v2\/comments?post=5266"}],"version-history":[{"count":0,"href":"https:\/\/chimelongcircushotel.com\/es\/wp-json\/wp\/v2\/pages\/5266\/revisions"}],"wp:attachment":[{"href":"https:\/\/chimelongcircushotel.com\/es\/wp-json\/wp\/v2\/media?parent=5266"}],"curies":[{"name":"wp","href":"https:\/\/api.w.org\/{rel}","templated":true}]}}