{"id":2109,"date":"2021-03-26T08:35:58","date_gmt":"2021-03-26T08:35:58","guid":{"rendered":"http:\/\/localhost\/nuss\/?page_id=536"},"modified":"2025-12-04T15:23:23","modified_gmt":"2025-12-04T15:23:23","slug":"sala-de-reuniones","status":"publish","type":"page","link":"https:\/\/chimelongcircushotel.com\/es\/sala-de-reuniones\/","title":{"rendered":"Sala de reuniones"},"content":{"rendered":"<div data-elementor-type=\"wp-page\" data-elementor-id=\"2109\" class=\"elementor elementor-2109\">\n\t\t\t\t\t\t<section class=\"elementor-section elementor-top-section elementor-element elementor-element-bb2901b elementor-section-boxed elementor-section-gap-beside-yes elementor-section-height-default elementor-section-height-default elementor-section-column-vertical-align-stretch\" data-id=\"bb2901b\" data-element_type=\"section\" data-e-type=\"section\">\n\t\t\t\t\t\t<div class=\"elementor-container elementor-column-gap-extended\">\n\t\t\t\t\t<div class=\"elementor-column elementor-col-100 elementor-top-column elementor-element elementor-element-1919db9\" data-id=\"1919db9\" data-element_type=\"column\" data-e-type=\"column\">\n\t\t\t<div class=\"elementor-widget-wrap elementor-element-populated\">\n\t\t\t\t\t\t<div class=\"elementor-element elementor-element-41a7b9c elementor-widget__width-initial elementor-invisible elementor-widget elementor-widget-text-editor\" data-id=\"41a7b9c\" data-element_type=\"widget\" data-e-type=\"widget\" data-settings=\"{&quot;_animation&quot;:&quot;nussFadeInUp&quot;}\" data-widget_type=\"text-editor.default\">\n\t\t\t\t<div class=\"elementor-widget-container\">\n\t\t\t\t\t\t\t\t\t<p>Las salas de reuniones del Chimelong Circus Hotel (Zhuhai Ocean Kingdom) redefinen la hospitalidad corporativa al fusionar la funcionalidad de vanguardia con el encanto caprichoso de su entorno de resort con tem\u00e1tica oce\u00e1nica.<\/p>\t\t\t\t\t\t\t\t<\/div>\n\t\t\t\t<\/div>\n\t\t\t\t\t<\/div>\n\t\t<\/div>\n\t\t\t\t\t<\/div>\n\t\t<\/section>\n\t\t\t\t<section class=\"elementor-section elementor-top-section elementor-element elementor-element-fad87ed elementor-section-boxed elementor-section-gap-beside-yes elementor-section-height-default elementor-section-height-default elementor-section-column-vertical-align-stretch\" data-id=\"fad87ed\" data-element_type=\"section\" data-e-type=\"section\">\n\t\t\t\t\t\t<div class=\"elementor-container elementor-column-gap-extended\">\n\t\t\t\t\t<div class=\"elementor-column elementor-col-50 elementor-top-column elementor-element elementor-element-9b3c6b5\" data-id=\"9b3c6b5\" data-element_type=\"column\" data-e-type=\"column\">\n\t\t\t<div class=\"elementor-widget-wrap elementor-element-populated\">\n\t\t\t\t\t\t<div class=\"elementor-element elementor-element-ce91d58 elementor-invisible nuss-elementor-loading nuss-slide-in-right elementor-widget elementor-widget-image\" data-id=\"ce91d58\" data-element_type=\"widget\" data-e-type=\"widget\" data-settings=\"{&quot;_animation&quot;:&quot;nussSlideInRight&quot;}\" data-widget_type=\"image.default\">\n\t\t\t\t<div class=\"elementor-widget-container\">\n\t\t\t\t\t\t\t\t\t\t\t\t\t\t\t<img fetchpriority=\"high\" decoding=\"async\" width=\"1280\" height=\"845\" src=\"https:\/\/chimelongcircushotel.com\/wp-content\/uploads\/2025\/05\/Chimelong-Circus-Hotel-Zhuhai-Ocean-Kingdom-28.webp\" class=\"attachment-full size-full wp-image-5603\" alt=\"\" srcset=\"https:\/\/chimelongcircushotel.com\/wp-content\/uploads\/2025\/05\/Chimelong-Circus-Hotel-Zhuhai-Ocean-Kingdom-28.webp 1280w, https:\/\/chimelongcircushotel.com\/wp-content\/uploads\/2025\/05\/Chimelong-Circus-Hotel-Zhuhai-Ocean-Kingdom-28-300x198.webp 300w, https:\/\/chimelongcircushotel.com\/wp-content\/uploads\/2025\/05\/Chimelong-Circus-Hotel-Zhuhai-Ocean-Kingdom-28-1024x676.webp 1024w, https:\/\/chimelongcircushotel.com\/wp-content\/uploads\/2025\/05\/Chimelong-Circus-Hotel-Zhuhai-Ocean-Kingdom-28-768x507.webp 768w\" sizes=\"(max-width: 1280px) 100vw, 1280px\" \/>\t\t\t\t\t\t\t\t\t\t\t\t\t\t\t<\/div>\n\t\t\t\t<\/div>\n\t\t\t\t\t<\/div>\n\t\t<\/div>\n\t\t\t\t<div class=\"elementor-column elementor-col-50 elementor-top-column elementor-element elementor-element-27e1142\" data-id=\"27e1142\" data-element_type=\"column\" data-e-type=\"column\">\n\t\t\t<div class=\"elementor-widget-wrap elementor-element-populated\">\n\t\t\t\t\t\t<div class=\"elementor-element elementor-element-46af239 elementor-invisible elementor-widget elementor-widget-text-editor\" data-id=\"46af239\" data-element_type=\"widget\" data-e-type=\"widget\" data-settings=\"{&quot;_animation&quot;:&quot;nussFadeInUp&quot;}\" data-widget_type=\"text-editor.default\">\n\t\t\t\t<div class=\"elementor-widget-container\">\n\t\t\t\t\t\t\t\t\t<p>Dise\u00f1ados para la versatilidad, estos espacios atienden todo, desde reuniones de directorio de alto riesgo hasta talleres creativos, con dise\u00f1os modulares, sistemas audiovisuales avanzados y Wi-Fi de alta velocidad que se extiende sin problemas desde las \u00e1reas p\u00fablicas hasta la conectividad en la habitaci\u00f3n.<\/p>\t\t\t\t\t\t\t\t<\/div>\n\t\t\t\t<\/div>\n\t\t\t\t\t<\/div>\n\t\t<\/div>\n\t\t\t\t\t<\/div>\n\t\t<\/section>\n\t\t\t\t<section class=\"elementor-section elementor-top-section elementor-element elementor-element-9645f63 elementor-section-boxed elementor-section-gap-beside-yes elementor-section-height-default elementor-section-height-default elementor-section-column-vertical-align-stretch\" data-id=\"9645f63\" data-element_type=\"section\" data-e-type=\"section\">\n\t\t\t\t\t\t<div class=\"elementor-container elementor-column-gap-extended\">\n\t\t\t\t\t<div class=\"elementor-column elementor-col-50 elementor-top-column elementor-element elementor-element-1855656\" data-id=\"1855656\" data-element_type=\"column\" data-e-type=\"column\">\n\t\t\t<div class=\"elementor-widget-wrap elementor-element-populated\">\n\t\t\t\t\t\t<div class=\"elementor-element elementor-element-e29928c elementor-invisible elementor-widget elementor-widget-text-editor\" data-id=\"e29928c\" data-element_type=\"widget\" data-e-type=\"widget\" data-settings=\"{&quot;_animation&quot;:&quot;nussFadeInUp&quot;}\" data-widget_type=\"text-editor.default\">\n\t\t\t\t<div class=\"elementor-widget-container\">\n\t\t\t\t\t\t\t\t\t<p>Como parte del exclusivo centro de negocios del hotel, las instalaciones incluyen suites ejecutivas \u00edntimas para negociaciones privadas y amplios salones multifuncionales con capacidad para conferencias internacionales o lanzamientos de productos. Los servicios de secretar\u00eda, desde la transcripci\u00f3n hasta el soporte multiling\u00fce, garantizan la precisi\u00f3n de los eventos, mientras que el catering tem\u00e1tico \u2014piense en pausas para tomar un espresso con pasteles en forma de delf\u00edn o recepciones posteriores a la cumbre con vistas al acuario\u2014 a\u00f1ade el toque caracter\u00edstico de Chimelong.<\/p>\t\t\t\t\t\t\t\t<\/div>\n\t\t\t\t<\/div>\n\t\t\t\t\t<\/div>\n\t\t<\/div>\n\t\t\t\t<div class=\"elementor-column elementor-col-50 elementor-top-column elementor-element elementor-element-ec6e38d\" data-id=\"ec6e38d\" data-element_type=\"column\" data-e-type=\"column\">\n\t\t\t<div class=\"elementor-widget-wrap elementor-element-populated\">\n\t\t\t\t\t\t<div class=\"elementor-element elementor-element-477bc87 elementor-invisible nuss-elementor-loading nuss-slide-in-left elementor-widget elementor-widget-image\" data-id=\"477bc87\" data-element_type=\"widget\" data-e-type=\"widget\" data-settings=\"{&quot;_animation&quot;:&quot;nussSlideInLeft&quot;}\" data-widget_type=\"image.default\">\n\t\t\t\t<div class=\"elementor-widget-container\">\n\t\t\t\t\t\t\t\t\t\t\t\t\t\t\t<img decoding=\"async\" width=\"1280\" height=\"853\" src=\"https:\/\/chimelongcircushotel.com\/wp-content\/uploads\/2025\/05\/Chimelong-Circus-Hotel-Zhuhai-Ocean-Kingdom-26.webp\" class=\"attachment-full size-full wp-image-5601\" alt=\"\" srcset=\"https:\/\/chimelongcircushotel.com\/wp-content\/uploads\/2025\/05\/Chimelong-Circus-Hotel-Zhuhai-Ocean-Kingdom-26.webp 1280w, https:\/\/chimelongcircushotel.com\/wp-content\/uploads\/2025\/05\/Chimelong-Circus-Hotel-Zhuhai-Ocean-Kingdom-26-300x200.webp 300w, https:\/\/chimelongcircushotel.com\/wp-content\/uploads\/2025\/05\/Chimelong-Circus-Hotel-Zhuhai-Ocean-Kingdom-26-1024x682.webp 1024w, https:\/\/chimelongcircushotel.com\/wp-content\/uploads\/2025\/05\/Chimelong-Circus-Hotel-Zhuhai-Ocean-Kingdom-26-768x512.webp 768w\" sizes=\"(max-width: 1280px) 100vw, 1280px\" \/>\t\t\t\t\t\t\t\t\t\t\t\t\t\t\t<\/div>\n\t\t\t\t<\/div>\n\t\t\t\t\t<\/div>\n\t\t<\/div>\n\t\t\t\t\t<\/div>\n\t\t<\/section>\n\t\t\t\t<section class=\"elementor-section elementor-top-section elementor-element elementor-element-47e34dc elementor-section-boxed elementor-section-gap-beside-yes elementor-section-height-default elementor-section-height-default elementor-section-column-vertical-align-stretch\" data-id=\"47e34dc\" data-element_type=\"section\" data-e-type=\"section\">\n\t\t\t\t\t\t<div class=\"elementor-container elementor-column-gap-extended\">\n\t\t\t\t\t<div class=\"elementor-column elementor-col-50 elementor-top-column elementor-element elementor-element-93e9114\" data-id=\"93e9114\" data-element_type=\"column\" data-e-type=\"column\">\n\t\t\t<div class=\"elementor-widget-wrap elementor-element-populated\">\n\t\t\t\t\t\t<div class=\"elementor-element elementor-element-a20abea elementor-invisible nuss-elementor-loading nuss-slide-in-right elementor-widget elementor-widget-image\" data-id=\"a20abea\" data-element_type=\"widget\" data-e-type=\"widget\" data-settings=\"{&quot;_animation&quot;:&quot;nussSlideInRight&quot;}\" data-widget_type=\"image.default\">\n\t\t\t\t<div class=\"elementor-widget-container\">\n\t\t\t\t\t\t\t\t\t\t\t\t\t\t\t<img decoding=\"async\" width=\"1280\" height=\"853\" src=\"https:\/\/chimelongcircushotel.com\/wp-content\/uploads\/2025\/05\/Chimelong-Circus-Hotel-Zhuhai-Ocean-Kingdom-27.webp\" class=\"attachment-full size-full wp-image-5602\" alt=\"\" srcset=\"https:\/\/chimelongcircushotel.com\/wp-content\/uploads\/2025\/05\/Chimelong-Circus-Hotel-Zhuhai-Ocean-Kingdom-27.webp 1280w, https:\/\/chimelongcircushotel.com\/wp-content\/uploads\/2025\/05\/Chimelong-Circus-Hotel-Zhuhai-Ocean-Kingdom-27-300x200.webp 300w, https:\/\/chimelongcircushotel.com\/wp-content\/uploads\/2025\/05\/Chimelong-Circus-Hotel-Zhuhai-Ocean-Kingdom-27-1024x682.webp 1024w, https:\/\/chimelongcircushotel.com\/wp-content\/uploads\/2025\/05\/Chimelong-Circus-Hotel-Zhuhai-Ocean-Kingdom-27-768x512.webp 768w\" sizes=\"(max-width: 1280px) 100vw, 1280px\" \/>\t\t\t\t\t\t\t\t\t\t\t\t\t\t\t<\/div>\n\t\t\t\t<\/div>\n\t\t\t\t\t<\/div>\n\t\t<\/div>\n\t\t\t\t<div class=\"elementor-column elementor-col-50 elementor-top-column elementor-element elementor-element-b53ef79\" data-id=\"b53ef79\" data-element_type=\"column\" data-e-type=\"column\">\n\t\t\t<div class=\"elementor-widget-wrap elementor-element-populated\">\n\t\t\t\t\t\t<div class=\"elementor-element elementor-element-e42ff70 elementor-invisible elementor-widget elementor-widget-text-editor\" data-id=\"e42ff70\" data-element_type=\"widget\" data-e-type=\"widget\" data-settings=\"{&quot;_animation&quot;:&quot;nussFadeInUp&quot;}\" data-widget_type=\"text-editor.default\">\n\t\t\t\t<div class=\"elementor-widget-container\">\n\t\t\t\t\t\t\t\t\t<p>Lo que realmente distingue a estos espacios es su simbiosis con el resort: los asistentes pueden relajarse entre sesiones con un trayecto de 3 minutos en autob\u00fas a las maravillas acu\u00e1ticas de Ocean Kingdom o intercambiar ideas entre alegres detalles de dise\u00f1o inspirados en el circo y la vida marina. Aqu\u00ed, la productividad convive con la imaginaci\u00f3n, convirtiendo incluso el retiro corporativo m\u00e1s rutinario en una aventura.<\/p>\t\t\t\t\t\t\t\t<\/div>\n\t\t\t\t<\/div>\n\t\t\t\t\t<\/div>\n\t\t<\/div>\n\t\t\t\t\t<\/div>\n\t\t<\/section>\n\t\t\t\t<\/div>","protected":false},"excerpt":{"rendered":"<p>The Meeting Rooms at Chimelong Circus Hotel (Zhuhai Ocean Kingdom) redefine corporate hospitality by merging state-of-the-art functionality with the whimsical charm of its ocean-themed resort surroundings Designed for versatility, these spaces cater to everything from high-stakes board meetings to creative workshops, featuring modular layouts, advanced audiovisual systems, and high-speed Wi-Fi that extends seamlessly from public [&hellip;]<\/p>\n","protected":false},"author":1,"featured_media":0,"parent":0,"menu_order":0,"comment_status":"closed","ping_status":"closed","template":"","meta":{"footnotes":""},"class_list":["post-2109","page","type-page","status-publish","hentry","post-no-thumbnail"],"_links":{"self":[{"href":"https:\/\/chimelongcircushotel.com\/es\/wp-json\/wp\/v2\/pages\/2109","targetHints":{"allow":["GET"]}}],"collection":[{"href":"https:\/\/chimelongcircushotel.com\/es\/wp-json\/wp\/v2\/pages"}],"about":[{"href":"https:\/\/chimelongcircushotel.com\/es\/wp-json\/wp\/v2\/types\/page"}],"author":[{"embeddable":true,"href":"https:\/\/chimelongcircushotel.com\/es\/wp-json\/wp\/v2\/users\/1"}],"replies":[{"embeddable":true,"href":"https:\/\/chimelongcircushotel.com\/es\/wp-json\/wp\/v2\/comments?post=2109"}],"version-history":[{"count":0,"href":"https:\/\/chimelongcircushotel.com\/es\/wp-json\/wp\/v2\/pages\/2109\/revisions"}],"wp:attachment":[{"href":"https:\/\/chimelongcircushotel.com\/es\/wp-json\/wp\/v2\/media?parent=2109"}],"curies":[{"name":"wp","href":"https:\/\/api.w.org\/{rel}","templated":true}]}}