{"id":2106,"date":"2021-03-25T04:08:26","date_gmt":"2021-03-25T04:08:26","guid":{"rendered":"http:\/\/localhost\/nuss\/?page_id=298"},"modified":"2025-12-04T15:22:52","modified_gmt":"2025-12-04T15:22:52","slug":"experiencias","status":"publish","type":"page","link":"https:\/\/chimelongcircushotel.com\/es\/experiencias\/","title":{"rendered":"Experiencias"},"content":{"rendered":"<div data-elementor-type=\"wp-page\" data-elementor-id=\"2106\" class=\"elementor elementor-2106\">\n\t\t\t\t\t\t<section class=\"elementor-section elementor-top-section elementor-element elementor-element-1954ffc elementor-section-boxed elementor-section-gap-beside-yes elementor-section-height-default elementor-section-height-default elementor-section-column-vertical-align-stretch\" data-id=\"1954ffc\" data-element_type=\"section\" data-e-type=\"section\">\n\t\t\t\t\t\t<div class=\"elementor-container elementor-column-gap-extended\">\n\t\t\t\t\t<div class=\"elementor-column elementor-col-100 elementor-top-column elementor-element elementor-element-86aebc5\" data-id=\"86aebc5\" data-element_type=\"column\" data-e-type=\"column\">\n\t\t\t<div class=\"elementor-widget-wrap elementor-element-populated\">\n\t\t\t\t\t\t<div class=\"elementor-element elementor-element-11803d1 elementor-widget__width-initial elementor-invisible elementor-widget elementor-widget-text-editor\" data-id=\"11803d1\" data-element_type=\"widget\" data-e-type=\"widget\" data-settings=\"{&quot;_animation&quot;:&quot;nussFadeInUp&quot;}\" data-widget_type=\"text-editor.default\">\n\t\t\t\t<div class=\"elementor-widget-container\">\n\t\t\t\t\t\t\t\t\t<p>El Chimelong Circus Hotel (Zhuhai Ocean Kingdom) ofrece una escapada extravagante que combina el encanto familiar con una hospitalidad envolvente con tem\u00e1tica de circo, aunque las experiencias de los hu\u00e9spedes revelan una mezcla de encanto y consideraciones pr\u00e1cticas.<\/p>\t\t\t\t\t\t\t\t<\/div>\n\t\t\t\t<\/div>\n\t\t\t\t\t<\/div>\n\t\t<\/div>\n\t\t\t\t\t<\/div>\n\t\t<\/section>\n\t\t\t\t<section class=\"elementor-section elementor-top-section elementor-element elementor-element-b2344ff elementor-section-gap-beside-no elementor-section-boxed elementor-section-height-default elementor-section-height-default elementor-section-column-vertical-align-stretch\" data-id=\"b2344ff\" data-element_type=\"section\" data-e-type=\"section\">\n\t\t\t\t\t\t<div class=\"elementor-container elementor-column-gap-extended\">\n\t\t\t\t\t<div class=\"elementor-column elementor-col-50 elementor-top-column elementor-element elementor-element-4698ec8\" data-id=\"4698ec8\" data-element_type=\"column\" data-e-type=\"column\">\n\t\t\t<div class=\"elementor-widget-wrap elementor-element-populated\">\n\t\t\t\t\t\t<div class=\"elementor-element elementor-element-88e5290 elementor-invisible nuss-elementor-loading nuss-slide-in-right elementor-widget elementor-widget-image\" data-id=\"88e5290\" data-element_type=\"widget\" data-e-type=\"widget\" data-settings=\"{&quot;_animation&quot;:&quot;nussSlideInRight&quot;}\" data-widget_type=\"image.default\">\n\t\t\t\t<div class=\"elementor-widget-container\">\n\t\t\t\t\t\t\t\t\t\t\t\t\t\t\t<img fetchpriority=\"high\" decoding=\"async\" width=\"1280\" height=\"853\" src=\"https:\/\/chimelongcircushotel.com\/wp-content\/uploads\/2025\/05\/Chimelong-Circus-Hotel-Zhuhai-Ocean-Kingdom-64.webp\" class=\"attachment-full size-full wp-image-5639\" alt=\"\" srcset=\"https:\/\/chimelongcircushotel.com\/wp-content\/uploads\/2025\/05\/Chimelong-Circus-Hotel-Zhuhai-Ocean-Kingdom-64.webp 1280w, https:\/\/chimelongcircushotel.com\/wp-content\/uploads\/2025\/05\/Chimelong-Circus-Hotel-Zhuhai-Ocean-Kingdom-64-300x200.webp 300w, https:\/\/chimelongcircushotel.com\/wp-content\/uploads\/2025\/05\/Chimelong-Circus-Hotel-Zhuhai-Ocean-Kingdom-64-1024x682.webp 1024w, https:\/\/chimelongcircushotel.com\/wp-content\/uploads\/2025\/05\/Chimelong-Circus-Hotel-Zhuhai-Ocean-Kingdom-64-768x512.webp 768w\" sizes=\"(max-width: 1280px) 100vw, 1280px\" \/>\t\t\t\t\t\t\t\t\t\t\t\t\t\t\t<\/div>\n\t\t\t\t<\/div>\n\t\t\t\t\t<\/div>\n\t\t<\/div>\n\t\t\t\t<div class=\"elementor-column elementor-col-50 elementor-top-column elementor-element elementor-element-4b9e677\" data-id=\"4b9e677\" data-element_type=\"column\" data-e-type=\"column\">\n\t\t\t<div class=\"elementor-widget-wrap elementor-element-populated\">\n\t\t\t\t\t\t<div class=\"elementor-element elementor-element-bc0b7e2 elementor-invisible elementor-widget elementor-widget-text-editor\" data-id=\"bc0b7e2\" data-element_type=\"widget\" data-e-type=\"widget\" data-settings=\"{&quot;_animation&quot;:&quot;nussFadeInUp&quot;}\" data-widget_type=\"text-editor.default\">\n\t\t\t\t<div class=\"elementor-widget-container\">\n\t\t\t\t\t\t\t\t\t<p>Ubicado dentro del vibrante complejo tur\u00edstico Chimelong, el hotel atiende a viajeros que buscan comodidad y una est\u00e9tica divertida, con habitaciones adornadas con una decoraci\u00f3n colorida y detalles considerados como llaveros de recuerdo y juguetes de peluche a la llegada. <\/p>\t\t\t\t\t\t\t\t<\/div>\n\t\t\t\t<\/div>\n\t\t\t\t\t<\/div>\n\t\t<\/div>\n\t\t\t\t\t<\/div>\n\t\t<\/section>\n\t\t\t\t<section class=\"elementor-section elementor-top-section elementor-element elementor-element-575fc68 elementor-section-gap-beside-no elementor-section-boxed elementor-section-height-default elementor-section-height-default elementor-section-column-vertical-align-stretch\" data-id=\"575fc68\" data-element_type=\"section\" data-e-type=\"section\">\n\t\t\t\t\t\t<div class=\"elementor-container elementor-column-gap-extended\">\n\t\t\t\t\t<div class=\"elementor-column elementor-col-50 elementor-top-column elementor-element elementor-element-dd03a56\" data-id=\"dd03a56\" data-element_type=\"column\" data-e-type=\"column\">\n\t\t\t<div class=\"elementor-widget-wrap elementor-element-populated\">\n\t\t\t\t\t\t<div class=\"elementor-element elementor-element-78ab5be elementor-invisible nuss-elementor-loading nuss-slide-in-right elementor-widget elementor-widget-image\" data-id=\"78ab5be\" data-element_type=\"widget\" data-e-type=\"widget\" data-settings=\"{&quot;_animation&quot;:&quot;nussSlideInRight&quot;}\" data-widget_type=\"image.default\">\n\t\t\t\t<div class=\"elementor-widget-container\">\n\t\t\t\t\t\t\t\t\t\t\t\t\t\t\t<img decoding=\"async\" width=\"1277\" height=\"853\" src=\"https:\/\/chimelongcircushotel.com\/wp-content\/uploads\/2025\/05\/Chimelong-Circus-Hotel-Zhuhai-Ocean-Kingdom-32.webp\" class=\"attachment-full size-full wp-image-5607\" alt=\"\" srcset=\"https:\/\/chimelongcircushotel.com\/wp-content\/uploads\/2025\/05\/Chimelong-Circus-Hotel-Zhuhai-Ocean-Kingdom-32.webp 1277w, https:\/\/chimelongcircushotel.com\/wp-content\/uploads\/2025\/05\/Chimelong-Circus-Hotel-Zhuhai-Ocean-Kingdom-32-300x200.webp 300w, https:\/\/chimelongcircushotel.com\/wp-content\/uploads\/2025\/05\/Chimelong-Circus-Hotel-Zhuhai-Ocean-Kingdom-32-1024x684.webp 1024w, https:\/\/chimelongcircushotel.com\/wp-content\/uploads\/2025\/05\/Chimelong-Circus-Hotel-Zhuhai-Ocean-Kingdom-32-768x513.webp 768w\" sizes=\"(max-width: 1277px) 100vw, 1277px\" \/>\t\t\t\t\t\t\t\t\t\t\t\t\t\t\t<\/div>\n\t\t\t\t<\/div>\n\t\t\t\t\t<\/div>\n\t\t<\/div>\n\t\t\t\t<div class=\"elementor-column elementor-col-50 elementor-top-column elementor-element elementor-element-364a6b2\" data-id=\"364a6b2\" data-element_type=\"column\" data-e-type=\"column\">\n\t\t\t<div class=\"elementor-widget-wrap elementor-element-populated\">\n\t\t\t\t\t\t<div class=\"elementor-element elementor-element-ccbb94d elementor-invisible elementor-widget elementor-widget-text-editor\" data-id=\"ccbb94d\" data-element_type=\"widget\" data-e-type=\"widget\" data-settings=\"{&quot;_animation&quot;:&quot;nussFadeInUp&quot;}\" data-widget_type=\"text-editor.default\">\n\t\t\t\t<div class=\"elementor-widget-container\">\n\t\t\t\t\t\t\t\t\t<p>Aunque muchos elogian sus espaciosas habitaciones y su proximidad al parque tem\u00e1tico Ocean Kingdom, algunos se\u00f1alan irregularidades en el mantenimiento de las habitaciones, como pintura descascarada o peque\u00f1os descuidos de limpieza. La cena buffet del hotel es elogiada por su variedad y ambiente animado; sin embargo, la ausencia de ba\u00f1eras en la mayor\u00eda de las habitaciones y la ocasional sobrecarga sensorial del bullicio del resort recuerdan a los visitantes que este destino prioriza la aventura sobre el lujo sereno.<\/p>\t\t\t\t\t\t\t\t<\/div>\n\t\t\t\t<\/div>\n\t\t\t\t\t<\/div>\n\t\t<\/div>\n\t\t\t\t\t<\/div>\n\t\t<\/section>\n\t\t\t\t<section class=\"elementor-section elementor-top-section elementor-element elementor-element-7853fd5 elementor-section-gap-beside-no elementor-section-boxed elementor-section-height-default elementor-section-height-default elementor-section-column-vertical-align-stretch\" data-id=\"7853fd5\" data-element_type=\"section\" data-e-type=\"section\">\n\t\t\t\t\t\t<div class=\"elementor-container elementor-column-gap-extended\">\n\t\t\t\t\t<div class=\"elementor-column elementor-col-50 elementor-top-column elementor-element elementor-element-9a8fa64\" data-id=\"9a8fa64\" data-element_type=\"column\" data-e-type=\"column\">\n\t\t\t<div class=\"elementor-widget-wrap elementor-element-populated\">\n\t\t\t\t\t\t<div class=\"elementor-element elementor-element-6f7d3f1 elementor-invisible nuss-elementor-loading nuss-slide-in-right elementor-widget elementor-widget-image\" data-id=\"6f7d3f1\" data-element_type=\"widget\" data-e-type=\"widget\" data-settings=\"{&quot;_animation&quot;:&quot;nussSlideInRight&quot;}\" data-widget_type=\"image.default\">\n\t\t\t\t<div class=\"elementor-widget-container\">\n\t\t\t\t\t\t\t\t\t\t\t\t\t\t\t<img decoding=\"async\" width=\"1280\" height=\"853\" src=\"https:\/\/chimelongcircushotel.com\/wp-content\/uploads\/2025\/05\/Chimelong-Circus-Hotel-Zhuhai-Ocean-Kingdom-34.webp\" class=\"attachment-full size-full wp-image-5609\" alt=\"\" srcset=\"https:\/\/chimelongcircushotel.com\/wp-content\/uploads\/2025\/05\/Chimelong-Circus-Hotel-Zhuhai-Ocean-Kingdom-34.webp 1280w, https:\/\/chimelongcircushotel.com\/wp-content\/uploads\/2025\/05\/Chimelong-Circus-Hotel-Zhuhai-Ocean-Kingdom-34-300x200.webp 300w, https:\/\/chimelongcircushotel.com\/wp-content\/uploads\/2025\/05\/Chimelong-Circus-Hotel-Zhuhai-Ocean-Kingdom-34-1024x682.webp 1024w, https:\/\/chimelongcircushotel.com\/wp-content\/uploads\/2025\/05\/Chimelong-Circus-Hotel-Zhuhai-Ocean-Kingdom-34-768x512.webp 768w\" sizes=\"(max-width: 1280px) 100vw, 1280px\" \/>\t\t\t\t\t\t\t\t\t\t\t\t\t\t\t<\/div>\n\t\t\t\t<\/div>\n\t\t\t\t\t<\/div>\n\t\t<\/div>\n\t\t\t\t<div class=\"elementor-column elementor-col-50 elementor-top-column elementor-element elementor-element-abd874b\" data-id=\"abd874b\" data-element_type=\"column\" data-e-type=\"column\">\n\t\t\t<div class=\"elementor-widget-wrap elementor-element-populated\">\n\t\t\t\t\t\t<div class=\"elementor-element elementor-element-a80ff28 elementor-invisible elementor-widget elementor-widget-text-editor\" data-id=\"a80ff28\" data-element_type=\"widget\" data-e-type=\"widget\" data-settings=\"{&quot;_animation&quot;:&quot;nussFadeInUp&quot;}\" data-widget_type=\"text-editor.default\">\n\t\t\t\t<div class=\"elementor-widget-container\">\n\t\t\t\t\t\t\t\t\t<p>Perfecto para familias y entusiastas de los parques tem\u00e1ticos, el hotel equilibra el estilo teatral con la comodidad funcional, dejando a los hu\u00e9spedes momentos memorables, aunque a veces imperfectos, bajo su gran carpa.<\/p>\t\t\t\t\t\t\t\t<\/div>\n\t\t\t\t<\/div>\n\t\t\t\t\t<\/div>\n\t\t<\/div>\n\t\t\t\t\t<\/div>\n\t\t<\/section>\n\t\t\t\t<\/div>","protected":false},"excerpt":{"rendered":"<p>The Chimelong Circus Hotel (Zhuhai Ocean Kingdom) offers a whimsical escape that blends family-friendly charm with immersive circus-themed hospitality, though guest experiences reveal a mix of enchantment and practical considerations. Nestled within the vibrant Chimelong resort complex, the hotel caters to travelers seeking convenience and playful aesthetics, with rooms adorned in colorful decor and thoughtful [&hellip;]<\/p>\n","protected":false},"author":1,"featured_media":0,"parent":0,"menu_order":0,"comment_status":"closed","ping_status":"closed","template":"","meta":{"footnotes":""},"class_list":["post-2106","page","type-page","status-publish","hentry","post-no-thumbnail"],"_links":{"self":[{"href":"https:\/\/chimelongcircushotel.com\/es\/wp-json\/wp\/v2\/pages\/2106","targetHints":{"allow":["GET"]}}],"collection":[{"href":"https:\/\/chimelongcircushotel.com\/es\/wp-json\/wp\/v2\/pages"}],"about":[{"href":"https:\/\/chimelongcircushotel.com\/es\/wp-json\/wp\/v2\/types\/page"}],"author":[{"embeddable":true,"href":"https:\/\/chimelongcircushotel.com\/es\/wp-json\/wp\/v2\/users\/1"}],"replies":[{"embeddable":true,"href":"https:\/\/chimelongcircushotel.com\/es\/wp-json\/wp\/v2\/comments?post=2106"}],"version-history":[{"count":0,"href":"https:\/\/chimelongcircushotel.com\/es\/wp-json\/wp\/v2\/pages\/2106\/revisions"}],"wp:attachment":[{"href":"https:\/\/chimelongcircushotel.com\/es\/wp-json\/wp\/v2\/media?parent=2106"}],"curies":[{"name":"wp","href":"https:\/\/api.w.org\/{rel}","templated":true}]}}