{"id":2109,"date":"2021-03-26T08:35:58","date_gmt":"2021-03-26T08:35:58","guid":{"rendered":"http:\/\/localhost\/nuss\/?page_id=536"},"modified":"2025-12-04T15:23:23","modified_gmt":"2025-12-04T15:23:23","slug":"tagungsraum","status":"publish","type":"page","link":"https:\/\/chimelongcircushotel.com\/de\/tagungsraum\/","title":{"rendered":"Konferenzraum"},"content":{"rendered":"<div data-elementor-type=\"wp-page\" data-elementor-id=\"2109\" class=\"elementor elementor-2109\">\n\t\t\t\t\t\t<section class=\"elementor-section elementor-top-section elementor-element elementor-element-bb2901b elementor-section-boxed elementor-section-gap-beside-yes elementor-section-height-default elementor-section-height-default elementor-section-column-vertical-align-stretch\" data-id=\"bb2901b\" data-element_type=\"section\" data-e-type=\"section\">\n\t\t\t\t\t\t<div class=\"elementor-container elementor-column-gap-extended\">\n\t\t\t\t\t<div class=\"elementor-column elementor-col-100 elementor-top-column elementor-element elementor-element-1919db9\" data-id=\"1919db9\" data-element_type=\"column\" data-e-type=\"column\">\n\t\t\t<div class=\"elementor-widget-wrap elementor-element-populated\">\n\t\t\t\t\t\t<div class=\"elementor-element elementor-element-41a7b9c elementor-widget__width-initial elementor-invisible elementor-widget elementor-widget-text-editor\" data-id=\"41a7b9c\" data-element_type=\"widget\" data-e-type=\"widget\" data-settings=\"{&quot;_animation&quot;:&quot;nussFadeInUp&quot;}\" data-widget_type=\"text-editor.default\">\n\t\t\t\t<div class=\"elementor-widget-container\">\n\t\t\t\t\t\t\t\t\t<p>Die Tagungsr\u00e4ume im Chimelong Circus Hotel (Zhuhai Ocean Kingdom) definieren die Gastfreundschaft von Unternehmen neu, indem sie modernste Funktionalit\u00e4t mit dem skurrilen Charme der ozeanisch gestalteten Resortumgebung verbinden.<\/p>\t\t\t\t\t\t\t\t<\/div>\n\t\t\t\t<\/div>\n\t\t\t\t\t<\/div>\n\t\t<\/div>\n\t\t\t\t\t<\/div>\n\t\t<\/section>\n\t\t\t\t<section class=\"elementor-section elementor-top-section elementor-element elementor-element-fad87ed elementor-section-boxed elementor-section-gap-beside-yes elementor-section-height-default elementor-section-height-default elementor-section-column-vertical-align-stretch\" data-id=\"fad87ed\" data-element_type=\"section\" data-e-type=\"section\">\n\t\t\t\t\t\t<div class=\"elementor-container elementor-column-gap-extended\">\n\t\t\t\t\t<div class=\"elementor-column elementor-col-50 elementor-top-column elementor-element elementor-element-9b3c6b5\" data-id=\"9b3c6b5\" data-element_type=\"column\" data-e-type=\"column\">\n\t\t\t<div class=\"elementor-widget-wrap elementor-element-populated\">\n\t\t\t\t\t\t<div class=\"elementor-element elementor-element-ce91d58 elementor-invisible nuss-elementor-loading nuss-slide-in-right elementor-widget elementor-widget-image\" data-id=\"ce91d58\" data-element_type=\"widget\" data-e-type=\"widget\" data-settings=\"{&quot;_animation&quot;:&quot;nussSlideInRight&quot;}\" data-widget_type=\"image.default\">\n\t\t\t\t<div class=\"elementor-widget-container\">\n\t\t\t\t\t\t\t\t\t\t\t\t\t\t\t<img fetchpriority=\"high\" decoding=\"async\" width=\"1280\" height=\"845\" src=\"https:\/\/chimelongcircushotel.com\/wp-content\/uploads\/2025\/05\/Chimelong-Circus-Hotel-Zhuhai-Ocean-Kingdom-28.webp\" class=\"attachment-full size-full wp-image-5603\" alt=\"\" srcset=\"https:\/\/chimelongcircushotel.com\/wp-content\/uploads\/2025\/05\/Chimelong-Circus-Hotel-Zhuhai-Ocean-Kingdom-28.webp 1280w, https:\/\/chimelongcircushotel.com\/wp-content\/uploads\/2025\/05\/Chimelong-Circus-Hotel-Zhuhai-Ocean-Kingdom-28-300x198.webp 300w, https:\/\/chimelongcircushotel.com\/wp-content\/uploads\/2025\/05\/Chimelong-Circus-Hotel-Zhuhai-Ocean-Kingdom-28-1024x676.webp 1024w, https:\/\/chimelongcircushotel.com\/wp-content\/uploads\/2025\/05\/Chimelong-Circus-Hotel-Zhuhai-Ocean-Kingdom-28-768x507.webp 768w\" sizes=\"(max-width: 1280px) 100vw, 1280px\" \/>\t\t\t\t\t\t\t\t\t\t\t\t\t\t\t<\/div>\n\t\t\t\t<\/div>\n\t\t\t\t\t<\/div>\n\t\t<\/div>\n\t\t\t\t<div class=\"elementor-column elementor-col-50 elementor-top-column elementor-element elementor-element-27e1142\" data-id=\"27e1142\" data-element_type=\"column\" data-e-type=\"column\">\n\t\t\t<div class=\"elementor-widget-wrap elementor-element-populated\">\n\t\t\t\t\t\t<div class=\"elementor-element elementor-element-46af239 elementor-invisible elementor-widget elementor-widget-text-editor\" data-id=\"46af239\" data-element_type=\"widget\" data-e-type=\"widget\" data-settings=\"{&quot;_animation&quot;:&quot;nussFadeInUp&quot;}\" data-widget_type=\"text-editor.default\">\n\t\t\t\t<div class=\"elementor-widget-container\">\n\t\t\t\t\t\t\t\t\t<p>Diese vielseitig gestalteten R\u00e4ume eignen sich f\u00fcr alle Bereiche, von wichtigen Vorstandssitzungen bis hin zu kreativen Workshops. Sie verf\u00fcgen \u00fcber modulare Grundrisse, moderne audiovisuelle Systeme und Highspeed-WLAN, das sich nahtlos von den \u00f6ffentlichen Bereichen bis zur Konnektivit\u00e4t im Zimmer erstreckt.<\/p>\t\t\t\t\t\t\t\t<\/div>\n\t\t\t\t<\/div>\n\t\t\t\t\t<\/div>\n\t\t<\/div>\n\t\t\t\t\t<\/div>\n\t\t<\/section>\n\t\t\t\t<section class=\"elementor-section elementor-top-section elementor-element elementor-element-9645f63 elementor-section-boxed elementor-section-gap-beside-yes elementor-section-height-default elementor-section-height-default elementor-section-column-vertical-align-stretch\" data-id=\"9645f63\" data-element_type=\"section\" data-e-type=\"section\">\n\t\t\t\t\t\t<div class=\"elementor-container elementor-column-gap-extended\">\n\t\t\t\t\t<div class=\"elementor-column elementor-col-50 elementor-top-column elementor-element elementor-element-1855656\" data-id=\"1855656\" data-element_type=\"column\" data-e-type=\"column\">\n\t\t\t<div class=\"elementor-widget-wrap elementor-element-populated\">\n\t\t\t\t\t\t<div class=\"elementor-element elementor-element-e29928c elementor-invisible elementor-widget elementor-widget-text-editor\" data-id=\"e29928c\" data-element_type=\"widget\" data-e-type=\"widget\" data-settings=\"{&quot;_animation&quot;:&quot;nussFadeInUp&quot;}\" data-widget_type=\"text-editor.default\">\n\t\t\t\t<div class=\"elementor-widget-container\">\n\t\t\t\t\t\t\t\t\t<p>Die R\u00e4umlichkeiten des hoteleigenen Business Centers umfassen intime Executive-Suiten f\u00fcr private Verhandlungen und gro\u00dfz\u00fcgige Multifunktionss\u00e4le f\u00fcr internationale Konferenzen oder Produkteinf\u00fchrungen. Sekretariatsdienste, von der Transkription bis hin zur mehrsprachigen Betreuung, sorgen f\u00fcr einen reibungslosen Ablauf der Veranstaltungen. Themen-Catering \u2013 Espressopausen mit delfinf\u00f6rmigem Geb\u00e4ck oder After-Gipfel-Empf\u00e4nge mit Blick auf das Aquarium \u2013 verleihen dem Ganzen das typische Chimelong-Flair.<\/p>\t\t\t\t\t\t\t\t<\/div>\n\t\t\t\t<\/div>\n\t\t\t\t\t<\/div>\n\t\t<\/div>\n\t\t\t\t<div class=\"elementor-column elementor-col-50 elementor-top-column elementor-element elementor-element-ec6e38d\" data-id=\"ec6e38d\" data-element_type=\"column\" data-e-type=\"column\">\n\t\t\t<div class=\"elementor-widget-wrap elementor-element-populated\">\n\t\t\t\t\t\t<div class=\"elementor-element elementor-element-477bc87 elementor-invisible nuss-elementor-loading nuss-slide-in-left elementor-widget elementor-widget-image\" data-id=\"477bc87\" data-element_type=\"widget\" data-e-type=\"widget\" data-settings=\"{&quot;_animation&quot;:&quot;nussSlideInLeft&quot;}\" data-widget_type=\"image.default\">\n\t\t\t\t<div class=\"elementor-widget-container\">\n\t\t\t\t\t\t\t\t\t\t\t\t\t\t\t<img decoding=\"async\" width=\"1280\" height=\"853\" src=\"https:\/\/chimelongcircushotel.com\/wp-content\/uploads\/2025\/05\/Chimelong-Circus-Hotel-Zhuhai-Ocean-Kingdom-26.webp\" class=\"attachment-full size-full wp-image-5601\" alt=\"\" srcset=\"https:\/\/chimelongcircushotel.com\/wp-content\/uploads\/2025\/05\/Chimelong-Circus-Hotel-Zhuhai-Ocean-Kingdom-26.webp 1280w, https:\/\/chimelongcircushotel.com\/wp-content\/uploads\/2025\/05\/Chimelong-Circus-Hotel-Zhuhai-Ocean-Kingdom-26-300x200.webp 300w, https:\/\/chimelongcircushotel.com\/wp-content\/uploads\/2025\/05\/Chimelong-Circus-Hotel-Zhuhai-Ocean-Kingdom-26-1024x682.webp 1024w, https:\/\/chimelongcircushotel.com\/wp-content\/uploads\/2025\/05\/Chimelong-Circus-Hotel-Zhuhai-Ocean-Kingdom-26-768x512.webp 768w\" sizes=\"(max-width: 1280px) 100vw, 1280px\" \/>\t\t\t\t\t\t\t\t\t\t\t\t\t\t\t<\/div>\n\t\t\t\t<\/div>\n\t\t\t\t\t<\/div>\n\t\t<\/div>\n\t\t\t\t\t<\/div>\n\t\t<\/section>\n\t\t\t\t<section class=\"elementor-section elementor-top-section elementor-element elementor-element-47e34dc elementor-section-boxed elementor-section-gap-beside-yes elementor-section-height-default elementor-section-height-default elementor-section-column-vertical-align-stretch\" data-id=\"47e34dc\" data-element_type=\"section\" data-e-type=\"section\">\n\t\t\t\t\t\t<div class=\"elementor-container elementor-column-gap-extended\">\n\t\t\t\t\t<div class=\"elementor-column elementor-col-50 elementor-top-column elementor-element elementor-element-93e9114\" data-id=\"93e9114\" data-element_type=\"column\" data-e-type=\"column\">\n\t\t\t<div class=\"elementor-widget-wrap elementor-element-populated\">\n\t\t\t\t\t\t<div class=\"elementor-element elementor-element-a20abea elementor-invisible nuss-elementor-loading nuss-slide-in-right elementor-widget elementor-widget-image\" data-id=\"a20abea\" data-element_type=\"widget\" data-e-type=\"widget\" data-settings=\"{&quot;_animation&quot;:&quot;nussSlideInRight&quot;}\" data-widget_type=\"image.default\">\n\t\t\t\t<div class=\"elementor-widget-container\">\n\t\t\t\t\t\t\t\t\t\t\t\t\t\t\t<img decoding=\"async\" width=\"1280\" height=\"853\" src=\"https:\/\/chimelongcircushotel.com\/wp-content\/uploads\/2025\/05\/Chimelong-Circus-Hotel-Zhuhai-Ocean-Kingdom-27.webp\" class=\"attachment-full size-full wp-image-5602\" alt=\"\" srcset=\"https:\/\/chimelongcircushotel.com\/wp-content\/uploads\/2025\/05\/Chimelong-Circus-Hotel-Zhuhai-Ocean-Kingdom-27.webp 1280w, https:\/\/chimelongcircushotel.com\/wp-content\/uploads\/2025\/05\/Chimelong-Circus-Hotel-Zhuhai-Ocean-Kingdom-27-300x200.webp 300w, https:\/\/chimelongcircushotel.com\/wp-content\/uploads\/2025\/05\/Chimelong-Circus-Hotel-Zhuhai-Ocean-Kingdom-27-1024x682.webp 1024w, https:\/\/chimelongcircushotel.com\/wp-content\/uploads\/2025\/05\/Chimelong-Circus-Hotel-Zhuhai-Ocean-Kingdom-27-768x512.webp 768w\" sizes=\"(max-width: 1280px) 100vw, 1280px\" \/>\t\t\t\t\t\t\t\t\t\t\t\t\t\t\t<\/div>\n\t\t\t\t<\/div>\n\t\t\t\t\t<\/div>\n\t\t<\/div>\n\t\t\t\t<div class=\"elementor-column elementor-col-50 elementor-top-column elementor-element elementor-element-b53ef79\" data-id=\"b53ef79\" data-element_type=\"column\" data-e-type=\"column\">\n\t\t\t<div class=\"elementor-widget-wrap elementor-element-populated\">\n\t\t\t\t\t\t<div class=\"elementor-element elementor-element-e42ff70 elementor-invisible elementor-widget elementor-widget-text-editor\" data-id=\"e42ff70\" data-element_type=\"widget\" data-e-type=\"widget\" data-settings=\"{&quot;_animation&quot;:&quot;nussFadeInUp&quot;}\" data-widget_type=\"text-editor.default\">\n\t\t\t\t<div class=\"elementor-widget-container\">\n\t\t\t\t\t\t\t\t\t<p>Was diese Veranstaltungsorte wirklich auszeichnet, ist ihre symbiotische Verbindung mit dem Resort: Die Teilnehmer k\u00f6nnen zwischen den Sitzungen mit einem dreimin\u00fctigen Shuttle zu den Wasserwundern des Ocean Kingdom entspannen oder inmitten verspielter, von Zirkus und Meereslebewesen inspirierter Designakzente brainstormen. Hier vereint sich Produktivit\u00e4t mit Fantasie, sodass selbst die allt\u00e4glichste Firmenklausur zum Abenteuer wird.<\/p>\t\t\t\t\t\t\t\t<\/div>\n\t\t\t\t<\/div>\n\t\t\t\t\t<\/div>\n\t\t<\/div>\n\t\t\t\t\t<\/div>\n\t\t<\/section>\n\t\t\t\t<\/div>","protected":false},"excerpt":{"rendered":"<p>The Meeting Rooms at Chimelong Circus Hotel (Zhuhai Ocean Kingdom) redefine corporate hospitality by merging state-of-the-art functionality with the whimsical charm of its ocean-themed resort surroundings Designed for versatility, these spaces cater to everything from high-stakes board meetings to creative workshops, featuring modular layouts, advanced audiovisual systems, and high-speed Wi-Fi that extends seamlessly from public [&hellip;]<\/p>\n","protected":false},"author":1,"featured_media":0,"parent":0,"menu_order":0,"comment_status":"closed","ping_status":"closed","template":"","meta":{"footnotes":""},"class_list":["post-2109","page","type-page","status-publish","hentry","post-no-thumbnail"],"_links":{"self":[{"href":"https:\/\/chimelongcircushotel.com\/de\/wp-json\/wp\/v2\/pages\/2109","targetHints":{"allow":["GET"]}}],"collection":[{"href":"https:\/\/chimelongcircushotel.com\/de\/wp-json\/wp\/v2\/pages"}],"about":[{"href":"https:\/\/chimelongcircushotel.com\/de\/wp-json\/wp\/v2\/types\/page"}],"author":[{"embeddable":true,"href":"https:\/\/chimelongcircushotel.com\/de\/wp-json\/wp\/v2\/users\/1"}],"replies":[{"embeddable":true,"href":"https:\/\/chimelongcircushotel.com\/de\/wp-json\/wp\/v2\/comments?post=2109"}],"version-history":[{"count":0,"href":"https:\/\/chimelongcircushotel.com\/de\/wp-json\/wp\/v2\/pages\/2109\/revisions"}],"wp:attachment":[{"href":"https:\/\/chimelongcircushotel.com\/de\/wp-json\/wp\/v2\/media?parent=2109"}],"curies":[{"name":"wp","href":"https:\/\/api.w.org\/{rel}","templated":true}]}}